{"id":19409,"date":"2021-09-27T08:54:07","date_gmt":"2021-09-27T13:54:07","guid":{"rendered":"https:\/\/www.lactuel.org\/?page_id=19409"},"modified":"2025-01-31T15:25:16","modified_gmt":"2025-01-31T20:25:16","slug":"emergency-food-assistance","status":"publish","type":"page","link":"https:\/\/www.lactuel.org\/en\/emergency-food-assistance\/","title":{"rendered":"Emergency food assistance"},"content":{"rendered":"<div class=\"wpb-content-wrapper\"><p>[vc_row full_width=&#8221;stretch_row_content&#8221;][vc_column][vc_empty_space][vc_single_image image=&#8221;19400&#8243; img_size=&#8221;full&#8221;][vc_empty_space][\/vc_column][\/vc_row][vc_row][vc_column][vc_column_text]<\/p>\n<h2 style=\"text-align: center;\">Emergency food is a temporary assistance provided by L&#8217;Actuel to help people through a difficult period. Users will receive food and hygiene products in complete confidentiality.<\/h2>\n<p style=\"text-align: center;\"><span style=\"color: #00539f;\">The service is offered to residents of Vaudreuil-Dorion, Pincourt, L&#8217;\u00cele-Perrot, Notre-Dame-de-L&#8217;\u00cele-Perrot, Terrasse-Vaudreuil, Pointe-des-Cascades, Vaudreuil-sur-le-Lac, L&#8217;\u00cele-Cadieux, Les C\u00e8dres.<\/span><\/p>\n<p>[\/vc_column_text][\/vc_column][\/vc_row][vc_row][vc_column width=&#8221;1\/2&#8243;][vc_column_text]<\/p>\n<h2 style=\"text-align: center; font-size: 24px; line-height: 32px;\"><strong>Client\u00e8le<\/strong><\/h2>\n<p>[\/vc_column_text][vc_column_text]Low-income individuals;<\/p>\n<p>-People waiting for government financial aid;<\/p>\n<p>-People waiting for a new job;<\/p>\n<p>-Families;<\/p>\n<p>-Seniors;<\/p>\n<p>-Students;<\/p>\n<p>-Immigrants.[\/vc_column_text][vc_empty_space][\/vc_column][vc_column width=&#8221;1\/2&#8243;][vc_column_text]<\/p>\n<h3 style=\"text-align: center;\"><strong>Eligibility Criteria<\/strong><\/h3>\n<p>[\/vc_column_text][vc_column_text]-Must be temporarily in a difficult financial situation;<\/p>\n<p>-Live in the territory served;<\/p>\n<p>-Provide proof of residence;<\/p>\n<p>-Provide proof of school attendance (students);<\/p>\n<p>-Provide a referral from the CLSC for infant care (formula and diapers).[\/vc_column_text][vc_empty_space][\/vc_column][\/vc_row][vc_row][vc_column][vc_column_text css=&#8221;&#8221;]<\/p>\n<h3><strong>Operation<\/strong><\/h3>\n<p>-The person must dial 450 455-3331, ext. 228 to open a file.<\/p>\n<p>-The L&#8217;Actuel worker will schedule a meeting by phone or in her office.<\/p>\n<p>-An appointment will be given to pick up the supplies.<\/p>\n<p>-A delivery to isolated seniors who are unable to travel is possible.<\/p>\n<p>&nbsp;<\/p>\n<h3><strong>Frequency<\/strong><\/h3>\n<p>The frequency and number of pick-ups will be evaluated during the first meeting with the worker.<\/p>\n<p>&nbsp;<\/p>\n<h3><strong>Cost<\/strong><\/h3>\n<p>$5.00 per adult;<\/p>\n<p>$5.00 per group of 3 children.<\/p>\n<p>&nbsp;<\/p>\n<h3><strong>Schedule <\/strong><\/h3>\n<p>By appointment only.<\/p>\n<p>&nbsp;<\/p>\n<p>People must make an appointment by dialing 450 455-3331, ext. 228 or by writing to <a href=\"mailto:intervenante@lactuel.org\">intervenante@lactuel.org<\/a> .<\/p>\n<h3><strong>Address <\/strong><\/h3>\n<p>88 Ad\u00e8le Street, Vaudreuil-Dorion J7V 9L1.[\/vc_column_text][\/vc_column][\/vc_row][vc_row full_width=&#8221;stretch_row_content&#8221; content_placement=&#8221;middle&#8221; bg_type=&#8221;bg_color&#8221; enable_overlay=&#8221;enable_overlay_value&#8221; overlay_pattern=&#8221;01.png&#8221; overlay_pattern_attachment=&#8221;fixed&#8221; css=&#8221;.vc_custom_1547652229058{border-bottom-width: 60px !important;}&#8221; bg_color_value=&#8221;#00539f&#8221;][vc_column][vc_column_text]<\/p>\n<h3 style=\"text-align: center;\"><span style=\"color: #ffffff;\"><strong>Did you know that there are two community fridges on the territory?<\/strong><\/span><\/h3>\n<p>&nbsp;<\/p>\n<h3 style=\"text-align: center;\"><strong>\u00a0<style type=\"text\/css\" data-type=\"the7_shortcodes-inline-css\">#default-btn-535046f9e68d3b1d86d4eb71c5f31c7b.ico-right-side > i {\n  margin-right: 0px;\n  margin-left: 8px;\n}\n#default-btn-535046f9e68d3b1d86d4eb71c5f31c7b > i {\n  margin-right: 8px;\n}\n<\/style><a href=\"https:\/\/www.facebook.com\/FrigoscommunautairesVS\" class=\"default-btn-shortcode dt-btn dt-btn-s fadeIn animate-element animation-builder link-hover-off \" id=\"default-btn-535046f9e68d3b1d86d4eb71c5f31c7b\"><i class=\"fa fa-chevron-circle-right\"><\/i><span>VISIT THEIR FACEBOOK<\/span><\/a><\/strong><\/h3>\n<p>[\/vc_column_text][\/vc_column][\/vc_row][vc_row full_width=&#8221;stretch_row_content&#8221; content_placement=&#8221;middle&#8221; bg_type=&#8221;bg_color&#8221; enable_overlay=&#8221;enable_overlay_value&#8221; overlay_pattern=&#8221;01.png&#8221; overlay_pattern_attachment=&#8221;fixed&#8221; css=&#8221;.vc_custom_1547652229058{border-bottom-width: 60px !important;}&#8221; bg_color_value=&#8221;#00539f&#8221;][vc_column width=&#8221;1\/6&#8243;][\/vc_column][vc_column width=&#8221;2\/6&#8243;][vc_column_text]<\/p>\n<p style=\"text-align: center;\"><strong><span style=\"color: #ffffff;\">Carrefour jeunesse-emploi Vaudreuil-Soulanges<\/span><\/strong><\/p>\n<p style=\"text-align: center;\"><span style=\"color: #ffffff;\">400 Harwood Blvd. Vaudreuil-Dorion<\/span><\/p>\n<p style=\"text-align: center;\"><span style=\"color: #ffffff;\">Self-service inside<\/span><\/p>\n<p style=\"text-align: center;\"><span style=\"color: #ffffff;\">Monday to Thursday from 8:30 am to 4:00 pm<\/span><\/p>\n<p>[\/vc_column_text][\/vc_column][vc_column width=&#8221;2\/6&#8243;][vc_column_text css=&#8221;.vc_custom_1632752204475{margin-top: 20px !important;}&#8221;]<\/p>\n<p style=\"text-align: center;\"><span style=\"color: #ffffff;\"><strong>Maison de la famille de Vaudreuil-Soulanges<\/strong><\/span><\/p>\n<p style=\"text-align: center;\"><span style=\"color: #ffffff;\">1210 Principale Street, Saint-Zotique<\/span><\/p>\n<p style=\"text-align: center;\"><span style=\"color: #ffffff;\">Self-service outside (back balcony)<\/span><\/p>\n<p style=\"text-align: center;\"><span style=\"color: #ffffff;\">24 hours a day, 7 days a week<\/span><\/p>\n<p>[\/vc_column_text][\/vc_column][vc_column width=&#8221;1\/6&#8243;][\/vc_column][\/vc_row][vc_row][vc_column][vc_empty_space][\/vc_column][\/vc_row][vc_column width=&#8221;1\/6&#8243;][\/vc_column][vc_column width=&#8221;4\/6&#8243;][\/vc_column]<\/p>\n<\/div>","protected":false},"excerpt":{"rendered":"<p>[vc_row full_width=&#8221;stretch_row_content&#8221;][vc_column][vc_empty_space][vc_single_image image=&#8221;19400&#8243; img_size=&#8221;full&#8221;][vc_empty_space][\/vc_column][\/vc_row][vc_row][vc_column][vc_column_text] Emergency food is a temporary assistance provided by L&#8217;Actuel to help people through a difficult period. Users will receive food and hygiene products in complete confidentiality. The service is offered to residents of Vaudreuil-Dorion, Pincourt, L&#8217;\u00cele-Perrot, Notre-Dame-de-L&#8217;\u00cele-Perrot, Terrasse-Vaudreuil, Pointe-des-Cascades, Vaudreuil-sur-le-Lac, L&#8217;\u00cele-Cadieux, Les C\u00e8dres. [\/vc_column_text][\/vc_column][\/vc_row][vc_row][vc_column width=&#8221;1\/2&#8243;][vc_column_text] Client\u00e8le [\/vc_column_text][vc_column_text]Low-income individuals; -People waiting for&hellip;<\/p>\n","protected":false},"author":3,"featured_media":19401,"parent":0,"menu_order":0,"comment_status":"closed","ping_status":"closed","template":"","meta":{"footnotes":""},"class_list":["post-19409","page","type-page","status-publish","has-post-thumbnail","hentry","description-off"],"yoast_head":"<!-- This site is optimized with the Yoast SEO plugin v27.4 - https:\/\/yoast.com\/product\/yoast-seo-wordpress\/ -->\n<title>Emergency food assistance - L&#039;Actuel<\/title>\n<meta name=\"description\" content=\"Votre don est en bon \u00e9tat? L\u2019Actuel le recueille pour financer leurs services. Assurez-vous de bien le pr\u00e9parer ! Un mauvais don nuira \u00e0 l\u2019organisme au lieu de l\u2019aider.\" \/>\n<meta name=\"robots\" content=\"index, follow, max-snippet:-1, max-image-preview:large, max-video-preview:-1\" \/>\n<link rel=\"canonical\" href=\"https:\/\/www.lactuel.org\/en\/emergency-food-assistance\/\" \/>\n<meta property=\"og:locale\" content=\"en_US\" \/>\n<meta property=\"og:type\" content=\"article\" \/>\n<meta property=\"og:title\" content=\"Emergency food assistance - L&#039;Actuel\" \/>\n<meta property=\"og:description\" content=\"Votre don est en bon \u00e9tat? L\u2019Actuel le recueille pour financer leurs services. Assurez-vous de bien le pr\u00e9parer ! Un mauvais don nuira \u00e0 l\u2019organisme au lieu de l\u2019aider.\" \/>\n<meta property=\"og:url\" content=\"https:\/\/www.lactuel.org\/en\/emergency-food-assistance\/\" \/>\n<meta property=\"og:site_name\" content=\"L&#039;Actuel\" \/>\n<meta property=\"article:modified_time\" content=\"2025-01-31T20:25:16+00:00\" \/>\n<meta property=\"og:image\" content=\"https:\/\/www.lactuel.org\/wp-content\/uploads\/IMG_8534-scaled-e1632749983279.jpg\" \/>\n\t<meta property=\"og:image:width\" content=\"2560\" \/>\n\t<meta property=\"og:image:height\" content=\"1920\" \/>\n\t<meta property=\"og:image:type\" content=\"image\/jpeg\" \/>\n<meta name=\"twitter:card\" content=\"summary_large_image\" \/>\n<meta name=\"twitter:label1\" content=\"Est. reading time\" \/>\n\t<meta name=\"twitter:data1\" content=\"2 minutes\" \/>\n<script type=\"application\/ld+json\" class=\"yoast-schema-graph\">{\"@context\":\"https:\\\/\\\/schema.org\",\"@graph\":[{\"@type\":\"WebPage\",\"@id\":\"https:\\\/\\\/www.lactuel.org\\\/en\\\/emergency-food-assistance\\\/\",\"url\":\"https:\\\/\\\/www.lactuel.org\\\/en\\\/emergency-food-assistance\\\/\",\"name\":\"Emergency food assistance - L&#039;Actuel\",\"isPartOf\":{\"@id\":\"https:\\\/\\\/www.lactuel.org\\\/#website\"},\"primaryImageOfPage\":{\"@id\":\"https:\\\/\\\/www.lactuel.org\\\/en\\\/emergency-food-assistance\\\/#primaryimage\"},\"image\":{\"@id\":\"https:\\\/\\\/www.lactuel.org\\\/en\\\/emergency-food-assistance\\\/#primaryimage\"},\"thumbnailUrl\":\"https:\\\/\\\/www.lactuel.org\\\/wp-content\\\/uploads\\\/IMG_8534-scaled-e1632749983279.jpg\",\"datePublished\":\"2021-09-27T13:54:07+00:00\",\"dateModified\":\"2025-01-31T20:25:16+00:00\",\"description\":\"Votre don est en bon \u00e9tat? L\u2019Actuel le recueille pour financer leurs services. Assurez-vous de bien le pr\u00e9parer ! Un mauvais don nuira \u00e0 l\u2019organisme au lieu de l\u2019aider.\",\"breadcrumb\":{\"@id\":\"https:\\\/\\\/www.lactuel.org\\\/en\\\/emergency-food-assistance\\\/#breadcrumb\"},\"inLanguage\":\"en-US\",\"potentialAction\":[{\"@type\":\"ReadAction\",\"target\":[\"https:\\\/\\\/www.lactuel.org\\\/en\\\/emergency-food-assistance\\\/\"]}]},{\"@type\":\"ImageObject\",\"inLanguage\":\"en-US\",\"@id\":\"https:\\\/\\\/www.lactuel.org\\\/en\\\/emergency-food-assistance\\\/#primaryimage\",\"url\":\"https:\\\/\\\/www.lactuel.org\\\/wp-content\\\/uploads\\\/IMG_8534-scaled-e1632749983279.jpg\",\"contentUrl\":\"https:\\\/\\\/www.lactuel.org\\\/wp-content\\\/uploads\\\/IMG_8534-scaled-e1632749983279.jpg\",\"width\":2560,\"height\":1920},{\"@type\":\"BreadcrumbList\",\"@id\":\"https:\\\/\\\/www.lactuel.org\\\/en\\\/emergency-food-assistance\\\/#breadcrumb\",\"itemListElement\":[{\"@type\":\"ListItem\",\"position\":1,\"name\":\"Accueil\",\"item\":\"https:\\\/\\\/www.lactuel.org\\\/en\\\/\"},{\"@type\":\"ListItem\",\"position\":2,\"name\":\"Emergency food assistance\"}]},{\"@type\":\"WebSite\",\"@id\":\"https:\\\/\\\/www.lactuel.org\\\/#website\",\"url\":\"https:\\\/\\\/www.lactuel.org\\\/\",\"name\":\"L&#039;Actuel\",\"description\":\"\",\"publisher\":{\"@id\":\"https:\\\/\\\/www.lactuel.org\\\/#organization\"},\"potentialAction\":[{\"@type\":\"SearchAction\",\"target\":{\"@type\":\"EntryPoint\",\"urlTemplate\":\"https:\\\/\\\/www.lactuel.org\\\/?s={search_term_string}\"},\"query-input\":{\"@type\":\"PropertyValueSpecification\",\"valueRequired\":true,\"valueName\":\"search_term_string\"}}],\"inLanguage\":\"en-US\"},{\"@type\":\"Organization\",\"@id\":\"https:\\\/\\\/www.lactuel.org\\\/#organization\",\"name\":\"Centre d'action b\u00e9n\u00e9vole L'Actuel\",\"url\":\"https:\\\/\\\/www.lactuel.org\\\/\",\"logo\":{\"@type\":\"ImageObject\",\"inLanguage\":\"en-US\",\"@id\":\"https:\\\/\\\/www.lactuel.org\\\/#\\\/schema\\\/logo\\\/image\\\/\",\"url\":\"https:\\\/\\\/www.lactuel.org\\\/wp-content\\\/uploads\\\/actuelHD.jpg\",\"contentUrl\":\"https:\\\/\\\/www.lactuel.org\\\/wp-content\\\/uploads\\\/actuelHD.jpg\",\"width\":360,\"height\":248,\"caption\":\"Centre d'action b\u00e9n\u00e9vole L'Actuel\"},\"image\":{\"@id\":\"https:\\\/\\\/www.lactuel.org\\\/#\\\/schema\\\/logo\\\/image\\\/\"}}]}<\/script>\n<!-- \/ Yoast SEO plugin. -->","yoast_head_json":{"title":"Emergency food assistance - L&#039;Actuel","description":"Votre don est en bon \u00e9tat? L\u2019Actuel le recueille pour financer leurs services. Assurez-vous de bien le pr\u00e9parer ! Un mauvais don nuira \u00e0 l\u2019organisme au lieu de l\u2019aider.","robots":{"index":"index","follow":"follow","max-snippet":"max-snippet:-1","max-image-preview":"max-image-preview:large","max-video-preview":"max-video-preview:-1"},"canonical":"https:\/\/www.lactuel.org\/en\/emergency-food-assistance\/","og_locale":"en_US","og_type":"article","og_title":"Emergency food assistance - L&#039;Actuel","og_description":"Votre don est en bon \u00e9tat? L\u2019Actuel le recueille pour financer leurs services. Assurez-vous de bien le pr\u00e9parer ! Un mauvais don nuira \u00e0 l\u2019organisme au lieu de l\u2019aider.","og_url":"https:\/\/www.lactuel.org\/en\/emergency-food-assistance\/","og_site_name":"L&#039;Actuel","article_modified_time":"2025-01-31T20:25:16+00:00","og_image":[{"width":2560,"height":1920,"url":"https:\/\/www.lactuel.org\/wp-content\/uploads\/IMG_8534-scaled-e1632749983279.jpg","type":"image\/jpeg"}],"twitter_card":"summary_large_image","twitter_misc":{"Est. reading time":"2 minutes"},"schema":{"@context":"https:\/\/schema.org","@graph":[{"@type":"WebPage","@id":"https:\/\/www.lactuel.org\/en\/emergency-food-assistance\/","url":"https:\/\/www.lactuel.org\/en\/emergency-food-assistance\/","name":"Emergency food assistance - L&#039;Actuel","isPartOf":{"@id":"https:\/\/www.lactuel.org\/#website"},"primaryImageOfPage":{"@id":"https:\/\/www.lactuel.org\/en\/emergency-food-assistance\/#primaryimage"},"image":{"@id":"https:\/\/www.lactuel.org\/en\/emergency-food-assistance\/#primaryimage"},"thumbnailUrl":"https:\/\/www.lactuel.org\/wp-content\/uploads\/IMG_8534-scaled-e1632749983279.jpg","datePublished":"2021-09-27T13:54:07+00:00","dateModified":"2025-01-31T20:25:16+00:00","description":"Votre don est en bon \u00e9tat? L\u2019Actuel le recueille pour financer leurs services. Assurez-vous de bien le pr\u00e9parer ! Un mauvais don nuira \u00e0 l\u2019organisme au lieu de l\u2019aider.","breadcrumb":{"@id":"https:\/\/www.lactuel.org\/en\/emergency-food-assistance\/#breadcrumb"},"inLanguage":"en-US","potentialAction":[{"@type":"ReadAction","target":["https:\/\/www.lactuel.org\/en\/emergency-food-assistance\/"]}]},{"@type":"ImageObject","inLanguage":"en-US","@id":"https:\/\/www.lactuel.org\/en\/emergency-food-assistance\/#primaryimage","url":"https:\/\/www.lactuel.org\/wp-content\/uploads\/IMG_8534-scaled-e1632749983279.jpg","contentUrl":"https:\/\/www.lactuel.org\/wp-content\/uploads\/IMG_8534-scaled-e1632749983279.jpg","width":2560,"height":1920},{"@type":"BreadcrumbList","@id":"https:\/\/www.lactuel.org\/en\/emergency-food-assistance\/#breadcrumb","itemListElement":[{"@type":"ListItem","position":1,"name":"Accueil","item":"https:\/\/www.lactuel.org\/en\/"},{"@type":"ListItem","position":2,"name":"Emergency food assistance"}]},{"@type":"WebSite","@id":"https:\/\/www.lactuel.org\/#website","url":"https:\/\/www.lactuel.org\/","name":"L&#039;Actuel","description":"","publisher":{"@id":"https:\/\/www.lactuel.org\/#organization"},"potentialAction":[{"@type":"SearchAction","target":{"@type":"EntryPoint","urlTemplate":"https:\/\/www.lactuel.org\/?s={search_term_string}"},"query-input":{"@type":"PropertyValueSpecification","valueRequired":true,"valueName":"search_term_string"}}],"inLanguage":"en-US"},{"@type":"Organization","@id":"https:\/\/www.lactuel.org\/#organization","name":"Centre d'action b\u00e9n\u00e9vole L'Actuel","url":"https:\/\/www.lactuel.org\/","logo":{"@type":"ImageObject","inLanguage":"en-US","@id":"https:\/\/www.lactuel.org\/#\/schema\/logo\/image\/","url":"https:\/\/www.lactuel.org\/wp-content\/uploads\/actuelHD.jpg","contentUrl":"https:\/\/www.lactuel.org\/wp-content\/uploads\/actuelHD.jpg","width":360,"height":248,"caption":"Centre d'action b\u00e9n\u00e9vole L'Actuel"},"image":{"@id":"https:\/\/www.lactuel.org\/#\/schema\/logo\/image\/"}}]}},"_links":{"self":[{"href":"https:\/\/www.lactuel.org\/en\/wp-json\/wp\/v2\/pages\/19409","targetHints":{"allow":["GET"]}}],"collection":[{"href":"https:\/\/www.lactuel.org\/en\/wp-json\/wp\/v2\/pages"}],"about":[{"href":"https:\/\/www.lactuel.org\/en\/wp-json\/wp\/v2\/types\/page"}],"author":[{"embeddable":true,"href":"https:\/\/www.lactuel.org\/en\/wp-json\/wp\/v2\/users\/3"}],"replies":[{"embeddable":true,"href":"https:\/\/www.lactuel.org\/en\/wp-json\/wp\/v2\/comments?post=19409"}],"version-history":[{"count":11,"href":"https:\/\/www.lactuel.org\/en\/wp-json\/wp\/v2\/pages\/19409\/revisions"}],"predecessor-version":[{"id":21989,"href":"https:\/\/www.lactuel.org\/en\/wp-json\/wp\/v2\/pages\/19409\/revisions\/21989"}],"wp:featuredmedia":[{"embeddable":true,"href":"https:\/\/www.lactuel.org\/en\/wp-json\/wp\/v2\/media\/19401"}],"wp:attachment":[{"href":"https:\/\/www.lactuel.org\/en\/wp-json\/wp\/v2\/media?parent=19409"}],"curies":[{"name":"wp","href":"https:\/\/api.w.org\/{rel}","templated":true}]}}