{"id":17075,"date":"2018-10-17T08:46:21","date_gmt":"2018-10-17T13:46:21","guid":{"rendered":"http:\/\/dev.groupeslm.com\/clients\/lactuel\/services\/aide-aux-organismes\/"},"modified":"2026-01-20T12:17:20","modified_gmt":"2026-01-20T17:17:20","slug":"help-for-organizations","status":"publish","type":"page","link":"https:\/\/www.lactuel.org\/en\/services\/help-for-organizations\/","title":{"rendered":"Help for organizations"},"content":{"rendered":"<div class=\"wpb-content-wrapper\"><p>[vc_row full_width=&#8221;stretch_row&#8221; type=&#8221;vc_default&#8221; margin_bottom=&#8221;20&#8243; css=&#8221;.vc_custom_1542120720017{padding-bottom: 20px !important;}&#8221;][vc_column width=&#8221;1\/6&#8243; offset=&#8221;vc_col-lg-2 vc_col-md-2 vc_col-xs-12&#8243; css=&#8221;.vc_custom_1542120699898{padding-bottom: 50px !important;}&#8221;][\/vc_column][vc_column width=&#8221;2\/3&#8243;][vc_column_text css=&#8221;&#8221;]<\/p>\n<p class=\"s3\" style=\"text-align: center; font-size: 24px; line-height: 32px;\">Beyond the services it offers to residents of the region, the Centre d\u2019action b\u00e9n\u00e9vole L\u2019Actuel also supports local organizations in a variety of ways.<\/p>\n<p>[\/vc_column_text][\/vc_column][vc_column width=&#8221;1\/6&#8243;][\/vc_column][\/vc_row][vc_row full_width=&#8221;stretch_row_content&#8221;][vc_column offset=&#8221;vc_hidden-lg vc_hidden-md&#8221;][vc_column_text]<\/p>\n<h3>Sharing Good Practices<\/h3>\n<p class=\"s3\">With 35 years of experience with volunteers, L&#8217;Actuel offers its help to other organizations in the region by providing training or assistance, especially with regard to volunteering.<\/p>\n<p>[\/vc_column_text][vc_single_image image=&#8221;16260&#8243; img_size=&#8221;full&#8221; alignment=&#8221;center&#8221;][\/vc_column][vc_column offset=&#8221;vc_hidden-lg vc_hidden-md&#8221;][vc_column_text]<\/p>\n<h3>Promotion<\/h3>\n<p class=\"s3\">Job postings, fundraisers, events, programming and requests for volunteers by organizations in the region are information that L&#8217;Actuel will be happy to post on its bulletin boards, on the television in the Caf\u00e9 des B\u00e9n\u00e9voles and on its Facebook page.<\/p>\n<p>[\/vc_column_text][vc_single_image image=&#8221;16804&#8243; img_size=&#8221;full&#8221; alignment=&#8221;center&#8221;][\/vc_column][vc_column offset=&#8221;vc_hidden-lg vc_hidden-md&#8221;][vc_column_text]<\/p>\n<h3>Volunteering Reference<\/h3>\n<p class=\"s3\">Being the volunteering reference, L&#8217;Actuel receives requests from citizens wishing to become a volunteer. L&#8217;Actuel takes the time to talk to future volunteers to direct them to organizations where they can do volunteer work in line with their tastes and skills.<\/p>\n<p>[\/vc_column_text][vc_single_image image=&#8221;16314&#8243; img_size=&#8221;full&#8221; alignment=&#8221;center&#8221;][\/vc_column][\/vc_row][vc_row full_width=&#8221;stretch_row_content&#8221; css=&#8221;.vc_custom_1547573858981{padding-right: 40px !important;padding-left: 40px !important;}&#8221;][vc_column width=&#8221;1\/3&#8243; offset=&#8221;vc_hidden-sm vc_hidden-xs&#8221;][vc_column_text css=&#8221;&#8221;]<\/p>\n<h3>Sharing Good Practices<\/h3>\n<p class=\"s3\">With more than 40 years of experience working with volunteers, L\u2019Actuel puts its expertise at the service of organizations in the region by offering training and support, particularly in the area of volunteer engagement.<\/p>\n<p>[\/vc_column_text][\/vc_column][vc_column width=&#8221;1\/3&#8243; offset=&#8221;vc_hidden-sm vc_hidden-xs&#8221;][vc_column_text css=&#8221;&#8221;]<\/p>\n<h3>Promotion<\/h3>\n<p class=\"s3\">Job postings, fundraising activities, events, programs, and volunteer opportunities from organizations in the region are among the information that L\u2019Actuel is pleased to share on its bulletin boards, on the television in its Volunteers\u2019 Caf\u00e9, and across its social media platforms.<\/p>\n<p>[\/vc_column_text][\/vc_column][vc_column width=&#8221;1\/3&#8243; offset=&#8221;vc_hidden-sm vc_hidden-xs&#8221;][vc_column_text css=&#8221;&#8221;]<\/p>\n<h3>Volunteering Reference<\/h3>\n<p class=\"s3\">As the region\u2019s volunteer reference organization, L\u2019Actuel receives requests from individuals interested in becoming volunteers. L\u2019Actuel takes the time to meet with prospective volunteers and guide them toward organizations where they can volunteer in ways that match their interests and skills.<\/p>\n<p>[\/vc_column_text][\/vc_column][\/vc_row][vc_row full_width=&#8221;stretch_row_content&#8221; css=&#8221;.vc_custom_1547573870230{padding-right: 40px !important;padding-left: 40px !important;}&#8221;][vc_column width=&#8221;1\/3&#8243; offset=&#8221;vc_hidden-sm vc_hidden-xs&#8221;][vc_single_image image=&#8221;16260&#8243; img_size=&#8221;full&#8221; alignment=&#8221;center&#8221;][\/vc_column][vc_column width=&#8221;1\/3&#8243; offset=&#8221;vc_hidden-sm vc_hidden-xs&#8221;][vc_single_image image=&#8221;16804&#8243; img_size=&#8221;full&#8221; alignment=&#8221;center&#8221;][\/vc_column][vc_column width=&#8221;1\/3&#8243; offset=&#8221;vc_hidden-sm vc_hidden-xs&#8221;][vc_single_image image=&#8221;16314&#8243; img_size=&#8221;full&#8221; alignment=&#8221;center&#8221;][\/vc_column][\/vc_row][vc_row full_width=&#8221;stretch_row_content&#8221;][vc_column offset=&#8221;vc_hidden-lg vc_hidden-md&#8221;][vc_column_text]<\/p>\n<h3>Donating Items<\/h3>\n<p class=\"s3\">Organizations are invited to contact L&#8217;Actuel when they have projects in which the organization can give them a hand by providing them with various second-hand items.<\/p>\n<p>[\/vc_column_text][vc_single_image image=&#8221;16809&#8243; img_size=&#8221;full&#8221; alignment=&#8221;center&#8221;][\/vc_column][vc_column offset=&#8221;vc_hidden-lg vc_hidden-md&#8221;][vc_column_text]<\/p>\n<h3>Room Rental<\/h3>\n<p class=\"s3\">In its building, L&#8217;Actuel has two rooms that can be used for gatherings, meetings and events. Organizations can rent these rooms at a low cost.<\/p>\n<p>[\/vc_column_text][vc_single_image image=&#8221;16262&#8243; img_size=&#8221;full&#8221; alignment=&#8221;center&#8221;][\/vc_column][vc_column offset=&#8221;vc_hidden-lg vc_hidden-md&#8221;][vc_column_text]<\/p>\n<h3>Joint Action<\/h3>\n<p class=\"s3\">L&#8217;Actuel is involved in the organization, participation and support of various joint actions with the community in order to stay abreast of the needs of the public, and thus contribute to developing complementarities and collaboration between the organizations for better meet the demands of the population.<\/p>\n<p>[\/vc_column_text][vc_single_image image=&#8221;16326&#8243; img_size=&#8221;full&#8221; alignment=&#8221;center&#8221;][\/vc_column][\/vc_row][vc_row full_width=&#8221;stretch_row_content&#8221; css=&#8221;.vc_custom_1547577745499{padding-top: 50px !important;padding-right: 40px !important;padding-left: 40px !important;}&#8221;][vc_column width=&#8221;1\/3&#8243; offset=&#8221;vc_hidden-sm vc_hidden-xs&#8221;][vc_column_text css=&#8221;&#8221;]<\/p>\n<h3>Donation of Items<\/h3>\n<p class=\"s3\">Organizations in the region are invited to contact L\u2019Actuel when carrying out projects for which the organization may be able to offer support, including by making various donated items available.<\/p>\n<p>[\/vc_column_text][\/vc_column][vc_column width=&#8221;1\/3&#8243; offset=&#8221;vc_hidden-sm vc_hidden-xs&#8221;][vc_column_text css=&#8221;&#8221;]<\/p>\n<h3>Room Rental<\/h3>\n<p class=\"s3\">Within its facility, L\u2019Actuel offers two multi-purpose rooms available to organizations for meetings, gatherings, or events. These rooms are available for rent at an affordable cost in order to support the activities of organizations in the region.<\/p>\n<p>[\/vc_column_text][\/vc_column][vc_column width=&#8221;1\/3&#8243; offset=&#8221;vc_hidden-sm vc_hidden-xs&#8221;][vc_column_text css=&#8221;&#8221;]<\/p>\n<h3>Collective Kitchen Workshops for Organizations<\/h3>\n<p>Offer your participants access to monthly culinary workshops where they can prepare healthy, delicious, and affordable meals, available at a flat rate. This service helps strengthen food security, promote healthy lifestyle habits, and foster social connections within the community.[\/vc_column_text][\/vc_column][\/vc_row][vc_row full_width=&#8221;stretch_row_content&#8221; css=&#8221;.vc_custom_1547573870230{padding-right: 40px !important;padding-left: 40px !important;}&#8221;][vc_column width=&#8221;1\/3&#8243; offset=&#8221;vc_hidden-sm vc_hidden-xs&#8221;][vc_single_image image=&#8221;16809&#8243; img_size=&#8221;full&#8221; alignment=&#8221;center&#8221;][\/vc_column][vc_column width=&#8221;1\/3&#8243; offset=&#8221;vc_hidden-sm vc_hidden-xs&#8221;][vc_single_image image=&#8221;16262&#8243; img_size=&#8221;full&#8221; alignment=&#8221;center&#8221;][\/vc_column][vc_column width=&#8221;1\/3&#8243; offset=&#8221;vc_hidden-sm vc_hidden-xs&#8221;][vc_single_image image=&#8221;21890&#8243; img_size=&#8221;full&#8221; alignment=&#8221;center&#8221; css=&#8221;&#8221;][\/vc_column][\/vc_row][vc_row][vc_column]<div class=\"ult-spacer spacer-69f3081c570ea\" data-id=\"69f3081c570ea\" data-height=\"60\" data-height-mobile=\"60\" data-height-tab=\"60\" data-height-tab-portrait=\"\" data-height-mobile-landscape=\"\" style=\"clear:both;display:block;\"><\/div>[\/vc_column][\/vc_row]<\/p>\n<\/div>","protected":false},"excerpt":{"rendered":"<p>[vc_row full_width=&#8221;stretch_row&#8221; type=&#8221;vc_default&#8221; margin_bottom=&#8221;20&#8243; css=&#8221;.vc_custom_1542120720017{padding-bottom: 20px !important;}&#8221;][vc_column width=&#8221;1\/6&#8243; offset=&#8221;vc_col-lg-2 vc_col-md-2 vc_col-xs-12&#8243; css=&#8221;.vc_custom_1542120699898{padding-bottom: 50px !important;}&#8221;][\/vc_column][vc_column width=&#8221;2\/3&#8243;][vc_column_text css=&#8221;&#8221;] Beyond the services it offers to residents of the region, the Centre d\u2019action b\u00e9n\u00e9vole L\u2019Actuel also supports local organizations in a variety of ways. [\/vc_column_text][\/vc_column][vc_column width=&#8221;1\/6&#8243;][\/vc_column][\/vc_row][vc_row full_width=&#8221;stretch_row_content&#8221;][vc_column offset=&#8221;vc_hidden-lg vc_hidden-md&#8221;][vc_column_text] Sharing Good Practices With 35 years of experience with volunteers,&hellip;<\/p>\n","protected":false},"author":2,"featured_media":0,"parent":17061,"menu_order":0,"comment_status":"closed","ping_status":"closed","template":"","meta":{"footnotes":""},"class_list":["post-17075","page","type-page","status-publish","hentry","description-off"],"yoast_head":"<!-- This site is optimized with the Yoast SEO plugin v27.4 - https:\/\/yoast.com\/product\/yoast-seo-wordpress\/ -->\n<title>Help for organizations - L&#039;Actuel<\/title>\n<meta name=\"robots\" content=\"index, follow, max-snippet:-1, max-image-preview:large, max-video-preview:-1\" \/>\n<link rel=\"canonical\" href=\"https:\/\/www.lactuel.org\/en\/services\/help-for-organizations\/\" \/>\n<meta property=\"og:locale\" content=\"en_US\" \/>\n<meta property=\"og:type\" content=\"article\" \/>\n<meta property=\"og:title\" content=\"Help for organizations - L&#039;Actuel\" \/>\n<meta property=\"og:description\" content=\"[vc_row full_width=&#8221;stretch_row&#8221; type=&#8221;vc_default&#8221; margin_bottom=&#8221;20&#8243; css=&#8221;.vc_custom_1542120720017{padding-bottom: 20px !important;}&#8221;][vc_column width=&#8221;1\/6&#8243; offset=&#8221;vc_col-lg-2 vc_col-md-2 vc_col-xs-12&#8243; css=&#8221;.vc_custom_1542120699898{padding-bottom: 50px !important;}&#8221;][\/vc_column][vc_column width=&#8221;2\/3&#8243;][vc_column_text css=&#8221;&#8221;] Beyond the services it offers to residents of the region, the Centre d\u2019action b\u00e9n\u00e9vole L\u2019Actuel also supports local organizations in a variety of ways. [\/vc_column_text][\/vc_column][vc_column width=&#8221;1\/6&#8243;][\/vc_column][\/vc_row][vc_row full_width=&#8221;stretch_row_content&#8221;][vc_column offset=&#8221;vc_hidden-lg vc_hidden-md&#8221;][vc_column_text] Sharing Good Practices With 35 years of experience with volunteers,&hellip;\" \/>\n<meta property=\"og:url\" content=\"https:\/\/www.lactuel.org\/en\/services\/help-for-organizations\/\" \/>\n<meta property=\"og:site_name\" content=\"L&#039;Actuel\" \/>\n<meta property=\"article:modified_time\" content=\"2026-01-20T17:17:20+00:00\" \/>\n<meta name=\"twitter:card\" content=\"summary_large_image\" \/>\n<meta name=\"twitter:label1\" content=\"Est. reading time\" \/>\n\t<meta name=\"twitter:data1\" content=\"6 minutes\" \/>\n<script type=\"application\/ld+json\" class=\"yoast-schema-graph\">{\"@context\":\"https:\\\/\\\/schema.org\",\"@graph\":[{\"@type\":\"WebPage\",\"@id\":\"https:\\\/\\\/www.lactuel.org\\\/en\\\/services\\\/help-for-organizations\\\/\",\"url\":\"https:\\\/\\\/www.lactuel.org\\\/en\\\/services\\\/help-for-organizations\\\/\",\"name\":\"Help for organizations - L&#039;Actuel\",\"isPartOf\":{\"@id\":\"https:\\\/\\\/www.lactuel.org\\\/#website\"},\"datePublished\":\"2018-10-17T13:46:21+00:00\",\"dateModified\":\"2026-01-20T17:17:20+00:00\",\"breadcrumb\":{\"@id\":\"https:\\\/\\\/www.lactuel.org\\\/en\\\/services\\\/help-for-organizations\\\/#breadcrumb\"},\"inLanguage\":\"en-US\",\"potentialAction\":[{\"@type\":\"ReadAction\",\"target\":[\"https:\\\/\\\/www.lactuel.org\\\/en\\\/services\\\/help-for-organizations\\\/\"]}]},{\"@type\":\"BreadcrumbList\",\"@id\":\"https:\\\/\\\/www.lactuel.org\\\/en\\\/services\\\/help-for-organizations\\\/#breadcrumb\",\"itemListElement\":[{\"@type\":\"ListItem\",\"position\":1,\"name\":\"Accueil\",\"item\":\"https:\\\/\\\/www.lactuel.org\\\/en\\\/\"},{\"@type\":\"ListItem\",\"position\":2,\"name\":\"Services\",\"item\":\"https:\\\/\\\/www.lactuel.org\\\/en\\\/services\\\/\"},{\"@type\":\"ListItem\",\"position\":3,\"name\":\"Help for organizations\"}]},{\"@type\":\"WebSite\",\"@id\":\"https:\\\/\\\/www.lactuel.org\\\/#website\",\"url\":\"https:\\\/\\\/www.lactuel.org\\\/\",\"name\":\"L&#039;Actuel\",\"description\":\"\",\"publisher\":{\"@id\":\"https:\\\/\\\/www.lactuel.org\\\/#organization\"},\"potentialAction\":[{\"@type\":\"SearchAction\",\"target\":{\"@type\":\"EntryPoint\",\"urlTemplate\":\"https:\\\/\\\/www.lactuel.org\\\/?s={search_term_string}\"},\"query-input\":{\"@type\":\"PropertyValueSpecification\",\"valueRequired\":true,\"valueName\":\"search_term_string\"}}],\"inLanguage\":\"en-US\"},{\"@type\":\"Organization\",\"@id\":\"https:\\\/\\\/www.lactuel.org\\\/#organization\",\"name\":\"Centre d'action b\u00e9n\u00e9vole L'Actuel\",\"url\":\"https:\\\/\\\/www.lactuel.org\\\/\",\"logo\":{\"@type\":\"ImageObject\",\"inLanguage\":\"en-US\",\"@id\":\"https:\\\/\\\/www.lactuel.org\\\/#\\\/schema\\\/logo\\\/image\\\/\",\"url\":\"https:\\\/\\\/www.lactuel.org\\\/wp-content\\\/uploads\\\/actuelHD.jpg\",\"contentUrl\":\"https:\\\/\\\/www.lactuel.org\\\/wp-content\\\/uploads\\\/actuelHD.jpg\",\"width\":360,\"height\":248,\"caption\":\"Centre d'action b\u00e9n\u00e9vole L'Actuel\"},\"image\":{\"@id\":\"https:\\\/\\\/www.lactuel.org\\\/#\\\/schema\\\/logo\\\/image\\\/\"}}]}<\/script>\n<!-- \/ Yoast SEO plugin. -->","yoast_head_json":{"title":"Help for organizations - L&#039;Actuel","robots":{"index":"index","follow":"follow","max-snippet":"max-snippet:-1","max-image-preview":"max-image-preview:large","max-video-preview":"max-video-preview:-1"},"canonical":"https:\/\/www.lactuel.org\/en\/services\/help-for-organizations\/","og_locale":"en_US","og_type":"article","og_title":"Help for organizations - L&#039;Actuel","og_description":"[vc_row full_width=&#8221;stretch_row&#8221; type=&#8221;vc_default&#8221; margin_bottom=&#8221;20&#8243; css=&#8221;.vc_custom_1542120720017{padding-bottom: 20px !important;}&#8221;][vc_column width=&#8221;1\/6&#8243; offset=&#8221;vc_col-lg-2 vc_col-md-2 vc_col-xs-12&#8243; css=&#8221;.vc_custom_1542120699898{padding-bottom: 50px !important;}&#8221;][\/vc_column][vc_column width=&#8221;2\/3&#8243;][vc_column_text css=&#8221;&#8221;] Beyond the services it offers to residents of the region, the Centre d\u2019action b\u00e9n\u00e9vole L\u2019Actuel also supports local organizations in a variety of ways. [\/vc_column_text][\/vc_column][vc_column width=&#8221;1\/6&#8243;][\/vc_column][\/vc_row][vc_row full_width=&#8221;stretch_row_content&#8221;][vc_column offset=&#8221;vc_hidden-lg vc_hidden-md&#8221;][vc_column_text] Sharing Good Practices With 35 years of experience with volunteers,&hellip;","og_url":"https:\/\/www.lactuel.org\/en\/services\/help-for-organizations\/","og_site_name":"L&#039;Actuel","article_modified_time":"2026-01-20T17:17:20+00:00","twitter_card":"summary_large_image","twitter_misc":{"Est. reading time":"6 minutes"},"schema":{"@context":"https:\/\/schema.org","@graph":[{"@type":"WebPage","@id":"https:\/\/www.lactuel.org\/en\/services\/help-for-organizations\/","url":"https:\/\/www.lactuel.org\/en\/services\/help-for-organizations\/","name":"Help for organizations - L&#039;Actuel","isPartOf":{"@id":"https:\/\/www.lactuel.org\/#website"},"datePublished":"2018-10-17T13:46:21+00:00","dateModified":"2026-01-20T17:17:20+00:00","breadcrumb":{"@id":"https:\/\/www.lactuel.org\/en\/services\/help-for-organizations\/#breadcrumb"},"inLanguage":"en-US","potentialAction":[{"@type":"ReadAction","target":["https:\/\/www.lactuel.org\/en\/services\/help-for-organizations\/"]}]},{"@type":"BreadcrumbList","@id":"https:\/\/www.lactuel.org\/en\/services\/help-for-organizations\/#breadcrumb","itemListElement":[{"@type":"ListItem","position":1,"name":"Accueil","item":"https:\/\/www.lactuel.org\/en\/"},{"@type":"ListItem","position":2,"name":"Services","item":"https:\/\/www.lactuel.org\/en\/services\/"},{"@type":"ListItem","position":3,"name":"Help for organizations"}]},{"@type":"WebSite","@id":"https:\/\/www.lactuel.org\/#website","url":"https:\/\/www.lactuel.org\/","name":"L&#039;Actuel","description":"","publisher":{"@id":"https:\/\/www.lactuel.org\/#organization"},"potentialAction":[{"@type":"SearchAction","target":{"@type":"EntryPoint","urlTemplate":"https:\/\/www.lactuel.org\/?s={search_term_string}"},"query-input":{"@type":"PropertyValueSpecification","valueRequired":true,"valueName":"search_term_string"}}],"inLanguage":"en-US"},{"@type":"Organization","@id":"https:\/\/www.lactuel.org\/#organization","name":"Centre d'action b\u00e9n\u00e9vole L'Actuel","url":"https:\/\/www.lactuel.org\/","logo":{"@type":"ImageObject","inLanguage":"en-US","@id":"https:\/\/www.lactuel.org\/#\/schema\/logo\/image\/","url":"https:\/\/www.lactuel.org\/wp-content\/uploads\/actuelHD.jpg","contentUrl":"https:\/\/www.lactuel.org\/wp-content\/uploads\/actuelHD.jpg","width":360,"height":248,"caption":"Centre d'action b\u00e9n\u00e9vole L'Actuel"},"image":{"@id":"https:\/\/www.lactuel.org\/#\/schema\/logo\/image\/"}}]}},"_links":{"self":[{"href":"https:\/\/www.lactuel.org\/en\/wp-json\/wp\/v2\/pages\/17075","targetHints":{"allow":["GET"]}}],"collection":[{"href":"https:\/\/www.lactuel.org\/en\/wp-json\/wp\/v2\/pages"}],"about":[{"href":"https:\/\/www.lactuel.org\/en\/wp-json\/wp\/v2\/types\/page"}],"author":[{"embeddable":true,"href":"https:\/\/www.lactuel.org\/en\/wp-json\/wp\/v2\/users\/2"}],"replies":[{"embeddable":true,"href":"https:\/\/www.lactuel.org\/en\/wp-json\/wp\/v2\/comments?post=17075"}],"version-history":[{"count":12,"href":"https:\/\/www.lactuel.org\/en\/wp-json\/wp\/v2\/pages\/17075\/revisions"}],"predecessor-version":[{"id":22524,"href":"https:\/\/www.lactuel.org\/en\/wp-json\/wp\/v2\/pages\/17075\/revisions\/22524"}],"up":[{"embeddable":true,"href":"https:\/\/www.lactuel.org\/en\/wp-json\/wp\/v2\/pages\/17061"}],"wp:attachment":[{"href":"https:\/\/www.lactuel.org\/en\/wp-json\/wp\/v2\/media?parent=17075"}],"curies":[{"name":"wp","href":"https:\/\/api.w.org\/{rel}","templated":true}]}}